{"id":17,"date":"2021-03-06T11:51:48","date_gmt":"2021-03-06T10:51:48","guid":{"rendered":"http:\/\/deuds.com\/gramua\/?page_id=17"},"modified":"2021-04-13T20:06:58","modified_gmt":"2021-04-13T18:06:58","slug":"accueil","status":"publish","type":"page","link":"http:\/\/deuds.com\/gramua\/","title":{"rendered":""},"content":{"rendered":"\t\t<div data-elementor-type=\"wp-page\" data-elementor-id=\"17\" class=\"elementor elementor-17\" data-elementor-settings=\"[]\">\n\t\t\t\t\t\t\t<div class=\"elementor-section-wrap\">\n\t\t\t\t\t\t\t<section class=\"elementor-section elementor-top-section elementor-element elementor-element-2b61e40a elementor-section-boxed elementor-section-height-default elementor-section-height-default\" data-id=\"2b61e40a\" data-element_type=\"section\">\n\t\t\t\t\t\t<div class=\"elementor-container elementor-column-gap-default\">\n\t\t\t\t\t<div class=\"elementor-column elementor-col-100 elementor-top-column elementor-element elementor-element-3f5dc3d9\" data-id=\"3f5dc3d9\" data-element_type=\"column\">\n\t\t\t<div class=\"elementor-widget-wrap elementor-element-populated\">\n\t\t\t\t\t\t\t\t<div class=\"elementor-element elementor-element-53abf09f elementor-widget elementor-widget-text-editor\" data-id=\"53abf09f\" data-element_type=\"widget\" data-widget_type=\"text-editor.default\">\n\t\t\t\t<div class=\"elementor-widget-container\">\n\t\t\t\t\t<div class=\"elementor-text-editor elementor-clearfix\"><!-- wp:paragraph -->\n<h2>La Gramua<\/h2>\n<p>Cr\u00e9\u00e9e en 2012, l\u2019association \u201cLa Gramua\u201d \u0153uvre pour le d\u00e9veloppement du jardinage. Elle a pour objet de promouvoir, aider et mutualiser les moyens pour favoriser l\u2019apiculture, la culture mara\u00eech\u00e8re, fruiti\u00e8re, ol\u00e9icole et de jardins d\u2019agr\u00e9ments. Elle propose diverses <strong>activit\u00e9s autour de la production de plants et des soins curatifs et pr\u00e9ventifs \u00e0 base de plantes<\/strong>. Elle dispose de deux jardins au village, ainsi que d\u2019un rucher-\u00e9cole. Ouverte \u00e0 tous, l\u2019association s\u2019y retrouve pour \u00e9changer et partager le savoir et l\u2019exp\u00e9rience de tous.<\/p>\n<!-- \/wp:paragraph --><\/div>\n\t\t\t\t<\/div>\n\t\t\t\t<\/div>\n\t\t\t\t\t<\/div>\n\t\t<\/div>\n\t\t\t\t\t\t\t<\/div>\n\t\t<\/section>\n\t\t\t\t<section class=\"elementor-section elementor-top-section elementor-element elementor-element-06b55ec elementor-section-boxed elementor-section-height-default elementor-section-height-default\" data-id=\"06b55ec\" data-element_type=\"section\">\n\t\t\t\t\t\t<div class=\"elementor-container elementor-column-gap-default\">\n\t\t\t\t\t<div class=\"elementor-column elementor-col-50 elementor-top-column elementor-element elementor-element-f987824\" data-id=\"f987824\" data-element_type=\"column\">\n\t\t\t<div class=\"elementor-widget-wrap elementor-element-populated\">\n\t\t\t\t\t\t\t\t<div class=\"elementor-element elementor-element-467bee8 elementor-widget elementor-widget-image\" data-id=\"467bee8\" data-element_type=\"widget\" data-widget_type=\"image.default\">\n\t\t\t\t<div class=\"elementor-widget-container\">\n\t\t\t\t\t<div class=\"elementor-image\">\n\t\t\t\t\t\t\t\t\t\t<img width=\"1024\" height=\"614\" src=\"http:\/\/deuds.com\/gramua\/wp-content\/uploads\/2021\/03\/cropped-IMG_20210328_140544-2-scaled-2-1024x614.jpg\" class=\"attachment-large size-large\" alt=\"\" loading=\"lazy\" srcset=\"http:\/\/deuds.com\/gramua\/wp-content\/uploads\/2021\/03\/cropped-IMG_20210328_140544-2-scaled-2-1024x614.jpg 1024w, http:\/\/deuds.com\/gramua\/wp-content\/uploads\/2021\/03\/cropped-IMG_20210328_140544-2-scaled-2-350x210.jpg 350w, http:\/\/deuds.com\/gramua\/wp-content\/uploads\/2021\/03\/cropped-IMG_20210328_140544-2-scaled-2-768x461.jpg 768w, http:\/\/deuds.com\/gramua\/wp-content\/uploads\/2021\/03\/cropped-IMG_20210328_140544-2-scaled-2-1536x922.jpg 1536w, http:\/\/deuds.com\/gramua\/wp-content\/uploads\/2021\/03\/cropped-IMG_20210328_140544-2-scaled-2.jpg 2000w\" sizes=\"(max-width: 1024px) 100vw, 1024px\" \/>\t\t\t\t\t\t\t\t\t\t\t<\/div>\n\t\t\t\t<\/div>\n\t\t\t\t<\/div>\n\t\t\t\t\t<\/div>\n\t\t<\/div>\n\t\t\t\t<div class=\"elementor-column elementor-col-50 elementor-top-column elementor-element elementor-element-9dd194b\" data-id=\"9dd194b\" data-element_type=\"column\">\n\t\t\t<div class=\"elementor-widget-wrap elementor-element-populated\">\n\t\t\t\t\t\t\t\t<div class=\"elementor-element elementor-element-ebebd52 elementor-widget elementor-widget-image\" data-id=\"ebebd52\" data-element_type=\"widget\" data-widget_type=\"image.default\">\n\t\t\t\t<div class=\"elementor-widget-container\">\n\t\t\t\t\t<div class=\"elementor-image\">\n\t\t\t\t\t\t\t\t\t\t<img width=\"1024\" height=\"576\" src=\"http:\/\/deuds.com\/gramua\/wp-content\/uploads\/2021\/03\/P3271039B-1024x576.jpg\" class=\"attachment-large size-large\" alt=\"\" loading=\"lazy\" srcset=\"http:\/\/deuds.com\/gramua\/wp-content\/uploads\/2021\/03\/P3271039B-1024x576.jpg 1024w, http:\/\/deuds.com\/gramua\/wp-content\/uploads\/2021\/03\/P3271039B-350x197.jpg 350w, http:\/\/deuds.com\/gramua\/wp-content\/uploads\/2021\/03\/P3271039B-768x432.jpg 768w, http:\/\/deuds.com\/gramua\/wp-content\/uploads\/2021\/03\/P3271039B-1536x864.jpg 1536w, http:\/\/deuds.com\/gramua\/wp-content\/uploads\/2021\/03\/P3271039B-2048x1152.jpg 2048w\" sizes=\"(max-width: 1024px) 100vw, 1024px\" \/>\t\t\t\t\t\t\t\t\t\t\t<\/div>\n\t\t\t\t<\/div>\n\t\t\t\t<\/div>\n\t\t\t\t\t<\/div>\n\t\t<\/div>\n\t\t\t\t\t\t\t<\/div>\n\t\t<\/section>\n\t\t\t\t\t\t<\/div>\n\t\t\t\t\t<\/div>\n\t\t","protected":false},"excerpt":{"rendered":"<p>La Gramua Cr\u00e9\u00e9e en 2012, l\u2019association \u201cLa Gramua\u201d \u0153uvre pour le d\u00e9veloppement du jardinage. Elle a pour objet de promouvoir, aider et mutualiser les moyens<a href=\"http:\/\/deuds.com\/gramua\/\" class=\"more-link\"><span class=\"screen-reader-text\"> \u00ab\u00a0\u00a0\u00bb<\/span><\/a><\/p>\n","protected":false},"author":1,"featured_media":0,"parent":0,"menu_order":0,"comment_status":"closed","ping_status":"closed","template":"","meta":[],"_links":{"self":[{"href":"http:\/\/deuds.com\/gramua\/wp-json\/wp\/v2\/pages\/17"}],"collection":[{"href":"http:\/\/deuds.com\/gramua\/wp-json\/wp\/v2\/pages"}],"about":[{"href":"http:\/\/deuds.com\/gramua\/wp-json\/wp\/v2\/types\/page"}],"author":[{"embeddable":true,"href":"http:\/\/deuds.com\/gramua\/wp-json\/wp\/v2\/users\/1"}],"replies":[{"embeddable":true,"href":"http:\/\/deuds.com\/gramua\/wp-json\/wp\/v2\/comments?post=17"}],"version-history":[{"count":18,"href":"http:\/\/deuds.com\/gramua\/wp-json\/wp\/v2\/pages\/17\/revisions"}],"predecessor-version":[{"id":163,"href":"http:\/\/deuds.com\/gramua\/wp-json\/wp\/v2\/pages\/17\/revisions\/163"}],"wp:attachment":[{"href":"http:\/\/deuds.com\/gramua\/wp-json\/wp\/v2\/media?parent=17"}],"curies":[{"name":"wp","href":"https:\/\/api.w.org\/{rel}","templated":true}]}}